{"id":35,"date":"2024-12-28T14:59:56","date_gmt":"2024-12-28T13:59:56","guid":{"rendered":"https:\/\/fearless-madeleineacb8b4ef56.wordpress.com\/?page_id=35"},"modified":"2025-01-02T16:14:48","modified_gmt":"2025-01-02T15:14:48","slug":"menu-page","status":"publish","type":"page","link":"https:\/\/besoindunchefdansvotrecuisine.fr\/index.php\/menu-page\/","title":{"rendered":"Menu"},"content":{"rendered":"\n<div class=\"wp-block-group alignfull is-style-default is-layout-flow wp-container-core-group-is-layout-2cf36ffe wp-block-group-is-layout-flow\" style=\"margin-top:0;margin-bottom:0;padding-top:var(--wp--preset--spacing--50);padding-bottom:var(--wp--preset--spacing--50)\">\n<div id=\"30Euros\" class=\"wp-block-group MenuColor01 has-background is-layout-constrained wp-container-core-group-is-layout-12243e0f wp-block-group-is-layout-constrained\" style=\"background-color:#b7772a\">\n<h2 class=\"wp-block-heading has-text-align-center\" style=\"font-size:46px\">Menu 30 \u20ac<\/h2>\n\n\n\n<div class=\"wp-block-columns is-layout-flex wp-container-core-columns-is-layout-7abde1fe wp-block-columns-is-layout-flex\" style=\"border-style:none;border-width:0px;padding-top:var(--wp--preset--spacing--40);padding-bottom:var(--wp--preset--spacing--40)\">\n<div class=\"wp-block-column is-layout-flow wp-block-column-is-layout-flow\"><\/div>\n\n\n\n<div class=\"wp-block-column is-layout-flow wp-block-column-is-layout-flow\" style=\"flex-basis:50%\">\n<figure class=\"wp-block-gallery alignwide has-nested-images columns-3 is-cropped wp-block-gallery-1 is-layout-flex wp-block-gallery-is-layout-flex\">\n<figure class=\"wp-block-image size-full is-style-default\"><img loading=\"lazy\" decoding=\"async\" width=\"2308\" height=\"2560\" data-id=\"169\" src=\"https:\/\/besoindunchefdansvotrecuisine.fr\/wp-content\/uploads\/2025\/01\/IMG_20230609_1901542-scaled.jpg\" alt=\"\" class=\"wp-image-169\" style=\"aspect-ratio:1;object-fit:cover\" srcset=\"https:\/\/besoindunchefdansvotrecuisine.fr\/wp-content\/uploads\/2025\/01\/IMG_20230609_1901542-scaled.jpg 2308w, https:\/\/besoindunchefdansvotrecuisine.fr\/wp-content\/uploads\/2025\/01\/IMG_20230609_1901542-271x300.jpg 271w\" sizes=\"auto, (max-width: 2308px) 100vw, 2308px\" \/><\/figure>\n\n\n\n<figure class=\"wp-block-image size-full\"><img loading=\"lazy\" decoding=\"async\" width=\"2560\" height=\"2533\" data-id=\"170\" src=\"https:\/\/besoindunchefdansvotrecuisine.fr\/wp-content\/uploads\/2025\/01\/IMG_20231029_1247312-scaled.jpg\" alt=\"\" class=\"wp-image-170\" style=\"aspect-ratio:1;object-fit:cover\" srcset=\"https:\/\/besoindunchefdansvotrecuisine.fr\/wp-content\/uploads\/2025\/01\/IMG_20231029_1247312-scaled.jpg 2560w, https:\/\/besoindunchefdansvotrecuisine.fr\/wp-content\/uploads\/2025\/01\/IMG_20231029_1247312-300x297.jpg 300w, https:\/\/besoindunchefdansvotrecuisine.fr\/wp-content\/uploads\/2025\/01\/IMG_20231029_1247312-1024x1013.jpg 1024w, https:\/\/besoindunchefdansvotrecuisine.fr\/wp-content\/uploads\/2025\/01\/IMG_20231029_1247312-768x760.jpg 768w, https:\/\/besoindunchefdansvotrecuisine.fr\/wp-content\/uploads\/2025\/01\/IMG_20231029_1247312-1536x1520.jpg 1536w, https:\/\/besoindunchefdansvotrecuisine.fr\/wp-content\/uploads\/2025\/01\/IMG_20231029_1247312-2048x2026.jpg 2048w\" sizes=\"auto, (max-width: 2560px) 100vw, 2560px\" \/><\/figure>\n\n\n\n<figure class=\"wp-block-image size-full\"><img loading=\"lazy\" decoding=\"async\" width=\"1800\" height=\"1800\" data-id=\"173\" src=\"https:\/\/besoindunchefdansvotrecuisine.fr\/wp-content\/uploads\/2025\/01\/IMG_20240805_075714_264.jpg\" alt=\"\" class=\"wp-image-173\" srcset=\"https:\/\/besoindunchefdansvotrecuisine.fr\/wp-content\/uploads\/2025\/01\/IMG_20240805_075714_264.jpg 1800w, https:\/\/besoindunchefdansvotrecuisine.fr\/wp-content\/uploads\/2025\/01\/IMG_20240805_075714_264-300x300.jpg 300w, https:\/\/besoindunchefdansvotrecuisine.fr\/wp-content\/uploads\/2025\/01\/IMG_20240805_075714_264-1024x1024.jpg 1024w, https:\/\/besoindunchefdansvotrecuisine.fr\/wp-content\/uploads\/2025\/01\/IMG_20240805_075714_264-150x150.jpg 150w, https:\/\/besoindunchefdansvotrecuisine.fr\/wp-content\/uploads\/2025\/01\/IMG_20240805_075714_264-768x768.jpg 768w, https:\/\/besoindunchefdansvotrecuisine.fr\/wp-content\/uploads\/2025\/01\/IMG_20240805_075714_264-1536x1536.jpg 1536w\" sizes=\"auto, (max-width: 1800px) 100vw, 1800px\" \/><\/figure>\n<\/figure>\n<\/div>\n\n\n\n<div class=\"wp-block-column is-layout-flow wp-block-column-is-layout-flow\"><\/div>\n<\/div>\n\n\n\n<div class=\"wp-block-columns is-layout-flex wp-container-core-columns-is-layout-51c0b34d wp-block-columns-is-layout-flex\" style=\"border-style:none;border-width:0px;padding-top:var(--wp--preset--spacing--50);padding-bottom:var(--wp--preset--spacing--50)\">\n<div class=\"wp-block-column is-layout-flow wp-block-column-is-layout-flow\" style=\"border-top-style:none;border-top-width:0px;border-right-color:var(--wp--preset--color--foreground);border-right-style:none;border-right-width:0px;border-bottom-style:none;border-bottom-width:0px;border-left-style:none;border-left-width:0px\">\n<div class=\"wp-block-group alignwide is-layout-constrained wp-container-core-group-is-layout-92b9201d wp-block-group-is-layout-constrained\">\n<h2 class=\"wp-block-heading has-text-align-center is-menu-section-name\" style=\"text-transform:uppercase\"><u><strong>Entr\u00e9e<\/strong><\/u><\/h2>\n\n\n\n<div class=\"wp-block-group is-layout-flow wp-container-core-group-is-layout-f5bb311e wp-block-group-is-layout-flow\">\n<div class=\"wp-block-group is-vertical is-content-justification-center is-nowrap is-layout-flex wp-container-core-group-is-layout-64246d41 wp-block-group-is-layout-flex\">\n<h4 class=\"wp-block-heading is-menu-item-name\"><strong>Foccacia<\/strong> <\/h4>\n\n\n\n<p class=\"is-menu-item-description\">Jambon \/ Olives<\/p>\n\n\n\n<p><em>OU<\/em><\/p>\n<\/div>\n\n\n\n<div class=\"wp-block-group is-vertical is-content-justification-center is-nowrap is-layout-flex wp-container-core-group-is-layout-64246d41 wp-block-group-is-layout-flex\">\n<h4 class=\"wp-block-heading is-menu-item-name\"><strong>Velout\u00e9 <\/strong><\/h4>\n\n\n\n<p class=\"is-menu-item-price\">Potimarron, Ch\u00e2taignes et sa chantilly<\/p>\n<\/div>\n<\/div>\n\n\n\n<div style=\"height:20px\" aria-hidden=\"true\" class=\"wp-block-spacer\"><\/div>\n<\/div>\n<\/div>\n\n\n\n<div class=\"wp-block-column is-layout-flow wp-block-column-is-layout-flow\" style=\"border-top-style:none;border-top-width:0px;border-right-color:var(--wp--preset--color--foreground);border-right-width:1px;border-bottom-style:none;border-bottom-width:0px;border-left-color:var(--wp--preset--color--foreground);border-left-width:1px\">\n<div class=\"wp-block-group alignwide is-layout-constrained wp-container-core-group-is-layout-92b9201d wp-block-group-is-layout-constrained\">\n<h2 class=\"wp-block-heading has-text-align-center is-menu-section-name\" style=\"text-transform:uppercase\"><u><strong>Plat<\/strong><\/u><\/h2>\n\n\n\n<h4 class=\"wp-block-heading has-text-align-center is-menu-section-name\"><strong>Terrine<\/strong> <\/h4>\n\n\n\n<p class=\"has-text-align-center\">de poisson (<em>suivant arrivage<\/em>) et pesto de carottes<\/p>\n\n\n\n<p class=\"has-text-align-center\"><em>OU<\/em><\/p>\n\n\n\n<div class=\"wp-block-group is-vertical is-content-justification-center is-nowrap is-layout-flex wp-container-core-group-is-layout-64246d41 wp-block-group-is-layout-flex\">\n<h4 class=\"wp-block-heading is-menu-item-name\"><strong><strong>Aiguillettes<\/strong><\/strong><\/h4>\n\n\n\n<p class=\"is-menu-item-price\">de Canard et risotto<\/p>\n<\/div>\n<\/div>\n<\/div>\n\n\n\n<div class=\"wp-block-column is-layout-flow wp-block-column-is-layout-flow\">\n<div class=\"wp-block-group alignwide is-layout-constrained wp-container-core-group-is-layout-92b9201d wp-block-group-is-layout-constrained\">\n<h2 class=\"wp-block-heading has-text-align-center is-menu-section-name\" style=\"text-transform:uppercase\"><u><strong>Dessert<\/strong><\/u><\/h2>\n\n\n\n<h4 class=\"wp-block-heading has-text-align-center is-menu-section-name\"><strong>Caf\u00e9 gourmand<\/strong><\/h4>\n\n\n\n<p class=\"has-text-align-center\"><em>OU<\/em><\/p>\n\n\n\n<h4 class=\"wp-block-heading has-text-align-center\"><strong>Moelleux<\/strong> Cl\u00e9mentine<\/h4>\n<\/div>\n<\/div>\n<\/div>\n<\/div>\n\n\n\n<div class=\"wp-block-group alignwide MenuColor02 has-background is-layout-constrained wp-container-core-group-is-layout-12243e0f wp-block-group-is-layout-constrained\" id=\"38Euros\" style=\"background-color:#ffecc8\">\n<h2 class=\"wp-block-heading has-text-align-center\" style=\"font-size:46px\">Menu 38 \u20ac<\/h2>\n\n\n\n<div class=\"wp-block-columns is-layout-flex wp-container-core-columns-is-layout-7abde1fe wp-block-columns-is-layout-flex\" style=\"padding-top:var(--wp--preset--spacing--40);padding-bottom:var(--wp--preset--spacing--40)\">\n<div class=\"wp-block-column is-layout-flow wp-block-column-is-layout-flow\"><\/div>\n\n\n\n<div class=\"wp-block-column is-layout-flow wp-block-column-is-layout-flow\" style=\"padding-top:0;padding-bottom:0;flex-basis:50%\">\n<figure class=\"wp-block-gallery alignwide has-nested-images columns-default is-cropped wp-block-gallery-2 is-layout-flex wp-block-gallery-is-layout-flex\">\n<figure class=\"wp-block-image size-full\"><img loading=\"lazy\" decoding=\"async\" width=\"2560\" height=\"1920\" data-id=\"171\" src=\"https:\/\/besoindunchefdansvotrecuisine.fr\/wp-content\/uploads\/2025\/01\/IMG_20240621_070443-scaled.jpg\" alt=\"\" class=\"wp-image-171\" style=\"aspect-ratio:1;object-fit:cover\" srcset=\"https:\/\/besoindunchefdansvotrecuisine.fr\/wp-content\/uploads\/2025\/01\/IMG_20240621_070443-scaled.jpg 2560w, https:\/\/besoindunchefdansvotrecuisine.fr\/wp-content\/uploads\/2025\/01\/IMG_20240621_070443-300x225.jpg 300w\" sizes=\"auto, (max-width: 2560px) 100vw, 2560px\" \/><\/figure>\n\n\n\n<figure class=\"wp-block-image size-full\"><img loading=\"lazy\" decoding=\"async\" width=\"1800\" height=\"1800\" data-id=\"172\" src=\"https:\/\/besoindunchefdansvotrecuisine.fr\/wp-content\/uploads\/2025\/01\/IMG_20240809_104238_566.jpg\" alt=\"\" class=\"wp-image-172\" style=\"aspect-ratio:1;object-fit:cover\" srcset=\"https:\/\/besoindunchefdansvotrecuisine.fr\/wp-content\/uploads\/2025\/01\/IMG_20240809_104238_566.jpg 1800w, https:\/\/besoindunchefdansvotrecuisine.fr\/wp-content\/uploads\/2025\/01\/IMG_20240809_104238_566-300x300.jpg 300w, https:\/\/besoindunchefdansvotrecuisine.fr\/wp-content\/uploads\/2025\/01\/IMG_20240809_104238_566-1024x1024.jpg 1024w, https:\/\/besoindunchefdansvotrecuisine.fr\/wp-content\/uploads\/2025\/01\/IMG_20240809_104238_566-150x150.jpg 150w, https:\/\/besoindunchefdansvotrecuisine.fr\/wp-content\/uploads\/2025\/01\/IMG_20240809_104238_566-768x768.jpg 768w, https:\/\/besoindunchefdansvotrecuisine.fr\/wp-content\/uploads\/2025\/01\/IMG_20240809_104238_566-1536x1536.jpg 1536w\" sizes=\"auto, (max-width: 1800px) 100vw, 1800px\" \/><\/figure>\n\n\n\n<figure class=\"wp-block-image size-full\"><img loading=\"lazy\" decoding=\"async\" width=\"2122\" height=\"2122\" data-id=\"175\" src=\"https:\/\/besoindunchefdansvotrecuisine.fr\/wp-content\/uploads\/2025\/01\/IMG_20240421_174351_268-edited.jpg\" alt=\"\" class=\"wp-image-175\" style=\"aspect-ratio:1;object-fit:cover\" srcset=\"https:\/\/besoindunchefdansvotrecuisine.fr\/wp-content\/uploads\/2025\/01\/IMG_20240421_174351_268-edited.jpg 2122w, https:\/\/besoindunchefdansvotrecuisine.fr\/wp-content\/uploads\/2025\/01\/IMG_20240421_174351_268-edited-300x300.jpg 300w, https:\/\/besoindunchefdansvotrecuisine.fr\/wp-content\/uploads\/2025\/01\/IMG_20240421_174351_268-edited-1024x1024.jpg 1024w, https:\/\/besoindunchefdansvotrecuisine.fr\/wp-content\/uploads\/2025\/01\/IMG_20240421_174351_268-edited-150x150.jpg 150w, https:\/\/besoindunchefdansvotrecuisine.fr\/wp-content\/uploads\/2025\/01\/IMG_20240421_174351_268-edited-768x768.jpg 768w, https:\/\/besoindunchefdansvotrecuisine.fr\/wp-content\/uploads\/2025\/01\/IMG_20240421_174351_268-edited-1536x1536.jpg 1536w, https:\/\/besoindunchefdansvotrecuisine.fr\/wp-content\/uploads\/2025\/01\/IMG_20240421_174351_268-edited-2048x2048.jpg 2048w\" sizes=\"auto, (max-width: 2122px) 100vw, 2122px\" \/><\/figure>\n<\/figure>\n<\/div>\n\n\n\n<div class=\"wp-block-column is-layout-flow wp-block-column-is-layout-flow\"><\/div>\n<\/div>\n\n\n\n<p class=\"has-text-align-center\"><em><strong>4<\/strong>&nbsp;amuses bouche par personne<\/em><br><\/p>\n\n\n\n<div class=\"wp-block-columns is-layout-flex wp-container-core-columns-is-layout-51c0b34d wp-block-columns-is-layout-flex\" style=\"padding-top:var(--wp--preset--spacing--50);padding-bottom:var(--wp--preset--spacing--50)\">\n<div class=\"wp-block-column is-layout-flow wp-block-column-is-layout-flow\">\n<div class=\"wp-block-group alignwide is-layout-constrained wp-container-core-group-is-layout-92b9201d wp-block-group-is-layout-constrained\">\n<h2 class=\"wp-block-heading has-text-align-center is-menu-section-name\" style=\"text-transform:uppercase\"><u><strong>Entr\u00e9e<\/strong><\/u><\/h2>\n\n\n\n<div class=\"wp-block-group is-layout-flow wp-container-core-group-is-layout-f5bb311e wp-block-group-is-layout-flow\">\n<div class=\"wp-block-group is-vertical is-content-justification-center is-nowrap is-layout-flex wp-container-core-group-is-layout-64246d41 wp-block-group-is-layout-flex\">\n<h4 class=\"wp-block-heading is-menu-item-name\">Trio de la mer<\/h4>\n\n\n\n<p class=\"is-menu-item-description\">Crevettes, saumon, bar<\/p>\n\n\n\n<p><em>OU<\/em><\/p>\n<\/div>\n\n\n\n<div class=\"wp-block-group is-vertical is-content-justification-center is-nowrap is-layout-flex wp-container-core-group-is-layout-64246d41 wp-block-group-is-layout-flex\">\n<h4 class=\"wp-block-heading is-menu-item-name\"><strong><strong>Cr\u00e8me<\/strong>&nbsp;br\u00fbl\u00e9e <\/strong><\/h4>\n\n\n\n<p class=\"is-menu-item-price\">foie gras,&nbsp;Sabl\u00e9&nbsp;au parmesan,&nbsp;Magret<strong>&nbsp;<\/strong>fum\u00e9<\/p>\n<\/div>\n<\/div>\n\n\n\n<div style=\"height:20px\" aria-hidden=\"true\" class=\"wp-block-spacer\"><\/div>\n<\/div>\n<\/div>\n\n\n\n<div class=\"wp-block-column is-layout-flow wp-block-column-is-layout-flow\" style=\"border-top-style:none;border-top-width:0px;border-right-color:var(--wp--preset--color--foreground);border-right-width:1px;border-bottom-style:none;border-bottom-width:0px;border-left-color:var(--wp--preset--color--foreground);border-left-width:1px\">\n<div class=\"wp-block-group alignwide is-layout-constrained wp-container-core-group-is-layout-92b9201d wp-block-group-is-layout-constrained\">\n<h2 class=\"wp-block-heading has-text-align-center is-menu-section-name\" style=\"text-transform:uppercase\"><u><strong>Plat<\/strong><\/u><\/h2>\n\n\n\n<h4 class=\"wp-block-heading has-text-align-center is-menu-section-name\"><strong>Osso bucco<\/strong><\/h4>\n\n\n\n<p class=\"has-text-align-center\">P\u00e2tes \u00e0 l&rsquo;italienne<\/p>\n\n\n\n<p class=\"has-text-align-center\"><em>OU<\/em><\/p>\n\n\n\n<div class=\"wp-block-group is-vertical is-content-justification-center is-nowrap is-layout-flex wp-container-core-group-is-layout-64246d41 wp-block-group-is-layout-flex\">\n<h4 class=\"wp-block-heading is-menu-item-name\"><strong><strong>Maigre<\/strong><\/strong><\/h4>\n\n\n\n<p class=\"is-menu-item-price\">Riz rose<\/p>\n<\/div>\n<\/div>\n<\/div>\n\n\n\n<div class=\"wp-block-column is-layout-flow wp-block-column-is-layout-flow\">\n<div class=\"wp-block-group alignwide is-layout-constrained wp-container-core-group-is-layout-92b9201d wp-block-group-is-layout-constrained\">\n<h2 class=\"wp-block-heading has-text-align-center is-menu-section-name\" style=\"text-transform:uppercase\"><u><strong>Dessert<\/strong><\/u><\/h2>\n\n\n\n<p class=\"has-text-align-center is-menu-section-name\"><strong><strong>Pavlova<\/strong><\/strong><br>aux fruits de saison<\/p>\n\n\n\n<p class=\"has-text-align-center\"><em>OU<\/em><\/p>\n\n\n\n<h4 class=\"wp-block-heading has-text-align-center\"><strong>Entremet<\/strong><\/h4>\n<\/div>\n<\/div>\n<\/div>\n\n\n\n<div class=\"wp-block-group alignwide is-layout-flow wp-block-group-is-layout-flow\"><\/div>\n<\/div>\n\n\n\n<div class=\"wp-block-group alignwide MenuColor01 has-background is-layout-constrained wp-block-group-is-layout-constrained\" id=\"CoffretCadeau\" style=\"background-color:#b7772a\">\n<h2 class=\"wp-block-heading has-text-align-center has-xx-large-font-size\">Coffret cadeau 66 \u20ac<\/h2>\n\n\n\n<p class=\"has-text-align-center\"><em>Pour 2 personnes<\/em><\/p>\n\n\n\n<div class=\"wp-block-columns is-layout-flex wp-container-core-columns-is-layout-ef350914 wp-block-columns-is-layout-flex\" style=\"padding-top:var(--wp--preset--spacing--30);padding-bottom:var(--wp--preset--spacing--30)\">\n<div class=\"wp-block-column is-layout-flow wp-block-column-is-layout-flow\"><\/div>\n\n\n\n<div class=\"wp-block-column is-layout-flow wp-block-column-is-layout-flow\" style=\"flex-basis:50%\">\n<figure class=\"wp-block-gallery alignwide has-nested-images columns-default is-cropped wp-block-gallery-3 is-layout-flex wp-block-gallery-is-layout-flex\">\n<figure class=\"wp-block-image size-full\"><img loading=\"lazy\" decoding=\"async\" width=\"1920\" height=\"2560\" data-id=\"225\" src=\"https:\/\/besoindunchefdansvotrecuisine.fr\/wp-content\/uploads\/2025\/01\/IMG_20240623_141751-edited-scaled.jpg\" alt=\"\" class=\"wp-image-225\" style=\"aspect-ratio:1;object-fit:cover\" srcset=\"https:\/\/besoindunchefdansvotrecuisine.fr\/wp-content\/uploads\/2025\/01\/IMG_20240623_141751-edited-scaled.jpg 1920w, https:\/\/besoindunchefdansvotrecuisine.fr\/wp-content\/uploads\/2025\/01\/IMG_20240623_141751-edited-225x300.jpg 225w, https:\/\/besoindunchefdansvotrecuisine.fr\/wp-content\/uploads\/2025\/01\/IMG_20240623_141751-edited-768x1024.jpg 768w, https:\/\/besoindunchefdansvotrecuisine.fr\/wp-content\/uploads\/2025\/01\/IMG_20240623_141751-edited-1152x1536.jpg 1152w, https:\/\/besoindunchefdansvotrecuisine.fr\/wp-content\/uploads\/2025\/01\/IMG_20240623_141751-edited-1536x2048.jpg 1536w\" sizes=\"auto, (max-width: 1920px) 100vw, 1920px\" \/><\/figure>\n\n\n\n<figure class=\"wp-block-image size-full\"><img loading=\"lazy\" decoding=\"async\" width=\"2423\" height=\"2560\" data-id=\"164\" src=\"https:\/\/besoindunchefdansvotrecuisine.fr\/wp-content\/uploads\/2025\/01\/IMG_20221204_1100102-scaled.jpg\" alt=\"\" class=\"wp-image-164\" style=\"aspect-ratio:1;object-fit:cover\" srcset=\"https:\/\/besoindunchefdansvotrecuisine.fr\/wp-content\/uploads\/2025\/01\/IMG_20221204_1100102-scaled.jpg 2423w, https:\/\/besoindunchefdansvotrecuisine.fr\/wp-content\/uploads\/2025\/01\/IMG_20221204_1100102-284x300.jpg 284w\" sizes=\"auto, (max-width: 2423px) 100vw, 2423px\" \/><\/figure>\n\n\n\n<figure class=\"wp-block-image size-full\"><img loading=\"lazy\" decoding=\"async\" width=\"1920\" height=\"2560\" data-id=\"162\" src=\"https:\/\/besoindunchefdansvotrecuisine.fr\/wp-content\/uploads\/2025\/01\/IMG_20230214_122440-scaled.jpg\" alt=\"\" class=\"wp-image-162\" srcset=\"https:\/\/besoindunchefdansvotrecuisine.fr\/wp-content\/uploads\/2025\/01\/IMG_20230214_122440-scaled.jpg 1920w, https:\/\/besoindunchefdansvotrecuisine.fr\/wp-content\/uploads\/2025\/01\/IMG_20230214_122440-225x300.jpg 225w, https:\/\/besoindunchefdansvotrecuisine.fr\/wp-content\/uploads\/2025\/01\/IMG_20230214_122440-768x1024.jpg 768w, https:\/\/besoindunchefdansvotrecuisine.fr\/wp-content\/uploads\/2025\/01\/IMG_20230214_122440-1152x1536.jpg 1152w, https:\/\/besoindunchefdansvotrecuisine.fr\/wp-content\/uploads\/2025\/01\/IMG_20230214_122440-1536x2048.jpg 1536w\" sizes=\"auto, (max-width: 1920px) 100vw, 1920px\" \/><\/figure>\n<\/figure>\n<\/div>\n\n\n\n<div class=\"wp-block-column is-layout-flow wp-block-column-is-layout-flow\"><\/div>\n<\/div>\n\n\n\n<div class=\"wp-block-group alignwide is-layout-flow wp-block-group-is-layout-flow\">\n<div class=\"wp-block-group alignwide is-layout-constrained wp-container-core-group-is-layout-92b9201d wp-block-group-is-layout-constrained\">\n<p class=\"has-text-align-center\"><em>(Fait chez les b\u00e9n\u00e9ficiaires)<\/em><\/p>\n\n\n\n<p class=\"has-text-align-center\" style=\"font-size:22px\"><strong>Amuse bouche<\/strong><br><strong>+<\/strong> <strong>entr\u00e9e<\/strong><br><strong>+<\/strong> <strong>plat<\/strong><br><strong>+<\/strong> <strong>dessert<\/strong><br><strong>+<\/strong> <strong>1 verre de vin<\/strong><br>&nbsp;<\/p>\n<\/div>\n<\/div>\n<\/div>\n\n\n\n<div class=\"wp-block-group alignwide MenuColor02 has-background is-layout-constrained wp-container-core-group-is-layout-12243e0f wp-block-group-is-layout-constrained\" id=\"Patisserie\" style=\"background-color:#ffecc8\">\n<h2 class=\"wp-block-heading has-text-align-center has-xx-large-font-size\">Coffret atelier de p\u00e2tisserie<\/h2>\n\n\n\n<div class=\"wp-block-columns is-layout-flex wp-container-core-columns-is-layout-7abde1fe wp-block-columns-is-layout-flex\" style=\"padding-top:var(--wp--preset--spacing--40);padding-bottom:var(--wp--preset--spacing--40)\">\n<div class=\"wp-block-column is-layout-flow wp-block-column-is-layout-flow\" style=\"flex-basis:25%\"><\/div>\n\n\n\n<div class=\"wp-block-column is-layout-flow wp-block-column-is-layout-flow\" style=\"flex-basis:50%\">\n<figure class=\"wp-block-gallery alignwide has-nested-images columns-default is-cropped wp-block-gallery-4 is-layout-flex wp-block-gallery-is-layout-flex\">\n<figure class=\"wp-block-image size-full\"><img loading=\"lazy\" decoding=\"async\" width=\"2421\" height=\"2560\" data-id=\"166\" src=\"https:\/\/besoindunchefdansvotrecuisine.fr\/wp-content\/uploads\/2025\/01\/IMG_20240330_1103062-scaled.jpg\" alt=\"\" class=\"wp-image-166\" style=\"aspect-ratio:1;object-fit:cover\" srcset=\"https:\/\/besoindunchefdansvotrecuisine.fr\/wp-content\/uploads\/2025\/01\/IMG_20240330_1103062-scaled.jpg 2421w, https:\/\/besoindunchefdansvotrecuisine.fr\/wp-content\/uploads\/2025\/01\/IMG_20240330_1103062-284x300.jpg 284w\" sizes=\"auto, (max-width: 2421px) 100vw, 2421px\" \/><\/figure>\n\n\n\n<figure class=\"wp-block-image size-full\"><img loading=\"lazy\" decoding=\"async\" width=\"2560\" height=\"2513\" data-id=\"167\" src=\"https:\/\/besoindunchefdansvotrecuisine.fr\/wp-content\/uploads\/2025\/01\/IMG_20240307_0536132-scaled.jpg\" alt=\"\" class=\"wp-image-167\" style=\"aspect-ratio:1;object-fit:cover\" srcset=\"https:\/\/besoindunchefdansvotrecuisine.fr\/wp-content\/uploads\/2025\/01\/IMG_20240307_0536132-scaled.jpg 2560w, https:\/\/besoindunchefdansvotrecuisine.fr\/wp-content\/uploads\/2025\/01\/IMG_20240307_0536132-300x295.jpg 300w, https:\/\/besoindunchefdansvotrecuisine.fr\/wp-content\/uploads\/2025\/01\/IMG_20240307_0536132-1024x1005.jpg 1024w, https:\/\/besoindunchefdansvotrecuisine.fr\/wp-content\/uploads\/2025\/01\/IMG_20240307_0536132-768x754.jpg 768w, https:\/\/besoindunchefdansvotrecuisine.fr\/wp-content\/uploads\/2025\/01\/IMG_20240307_0536132-1536x1508.jpg 1536w, https:\/\/besoindunchefdansvotrecuisine.fr\/wp-content\/uploads\/2025\/01\/IMG_20240307_0536132-2048x2010.jpg 2048w\" sizes=\"auto, (max-width: 2560px) 100vw, 2560px\" \/><\/figure>\n\n\n\n<figure class=\"wp-block-image size-full\"><img loading=\"lazy\" decoding=\"async\" width=\"2560\" height=\"2560\" data-id=\"168\" src=\"https:\/\/besoindunchefdansvotrecuisine.fr\/wp-content\/uploads\/2025\/01\/IMG_20240616_121853_215-scaled.jpg\" alt=\"\" class=\"wp-image-168\" style=\"aspect-ratio:1;object-fit:cover\" srcset=\"https:\/\/besoindunchefdansvotrecuisine.fr\/wp-content\/uploads\/2025\/01\/IMG_20240616_121853_215-scaled.jpg 2560w, https:\/\/besoindunchefdansvotrecuisine.fr\/wp-content\/uploads\/2025\/01\/IMG_20240616_121853_215-300x300.jpg 300w, https:\/\/besoindunchefdansvotrecuisine.fr\/wp-content\/uploads\/2025\/01\/IMG_20240616_121853_215-1024x1024.jpg 1024w, https:\/\/besoindunchefdansvotrecuisine.fr\/wp-content\/uploads\/2025\/01\/IMG_20240616_121853_215-150x150.jpg 150w, https:\/\/besoindunchefdansvotrecuisine.fr\/wp-content\/uploads\/2025\/01\/IMG_20240616_121853_215-768x768.jpg 768w, https:\/\/besoindunchefdansvotrecuisine.fr\/wp-content\/uploads\/2025\/01\/IMG_20240616_121853_215-1536x1536.jpg 1536w, https:\/\/besoindunchefdansvotrecuisine.fr\/wp-content\/uploads\/2025\/01\/IMG_20240616_121853_215-2048x2048.jpg 2048w\" sizes=\"auto, (max-width: 2560px) 100vw, 2560px\" \/><\/figure>\n<\/figure>\n<\/div>\n\n\n\n<div class=\"wp-block-column is-layout-flow wp-block-column-is-layout-flow\" style=\"flex-basis:25%\"><\/div>\n<\/div>\n\n\n\n<div class=\"wp-block-group alignwide is-layout-constrained wp-container-core-group-is-layout-92b9201d wp-block-group-is-layout-constrained\">\n<p class=\"has-text-align-center\"><em>(Fait chez le b\u00e9n\u00e9ficiaire)<\/em><\/p>\n\n\n\n<p class=\"has-text-align-center\" style=\"font-size:22px\"><strong><em>Prix suivant le nombre de personnes inscrites<\/em><\/strong>&nbsp;<\/p>\n\n\n\n<p class=\"has-text-align-center\"><em>(Maximum pour<strong> 6 <\/strong>personnes \/ <a href=\"https:\/\/besoindunchefdansvotrecuisine.fr\/index.php\/contact\/\" data-type=\"page\" data-id=\"20\"><strong>Me contacter<\/strong><\/a> pour de plus ample information)<\/em><\/p>\n<\/div>\n<\/div>\n\n\n\n<div class=\"wp-block-group alignwide MenuColor01 has-background is-layout-flow wp-block-group-is-layout-flow\" style=\"background-color:#b7772a\">\n<div class=\"wp-block-group is-layout-flow wp-container-core-group-is-layout-f5bb311e wp-block-group-is-layout-flow\">\n<h2 class=\"wp-block-heading has-text-align-center\">Pour toute autre demande me <a href=\"https:\/\/besoindunchefdansvotrecuisine.fr\/index.php\/contact\/\" data-type=\"page\" data-id=\"20\">contacter<\/a><\/h2>\n<\/div>\n<\/div>\n<\/div>\n","protected":false},"excerpt":{"rendered":"<p>Menu 30 \u20ac Entr\u00e9e Foccacia Jambon \/ Olives OU Velout\u00e9 Potimarron, Ch\u00e2taignes et sa chantilly Plat Terrine de poisson (suivant arrivage) et pesto de carottes OU Aiguillettes de Canard et risotto Dessert Caf\u00e9 gourmand OU Moelleux Cl\u00e9mentine Menu 38 \u20ac 4&nbsp;amuses bouche par personne Entr\u00e9e Trio de la mer Crevettes, saumon, bar OU Cr\u00e8me&nbsp;br\u00fbl\u00e9e foie [&hellip;]<\/p>\n","protected":false},"author":1,"featured_media":0,"parent":0,"menu_order":0,"comment_status":"closed","ping_status":"closed","template":"fullwidth","meta":{"footnotes":""},"class_list":["post-35","page","type-page","status-publish","hentry"],"_links":{"self":[{"href":"https:\/\/besoindunchefdansvotrecuisine.fr\/index.php\/wp-json\/wp\/v2\/pages\/35","targetHints":{"allow":["GET"]}}],"collection":[{"href":"https:\/\/besoindunchefdansvotrecuisine.fr\/index.php\/wp-json\/wp\/v2\/pages"}],"about":[{"href":"https:\/\/besoindunchefdansvotrecuisine.fr\/index.php\/wp-json\/wp\/v2\/types\/page"}],"author":[{"embeddable":true,"href":"https:\/\/besoindunchefdansvotrecuisine.fr\/index.php\/wp-json\/wp\/v2\/users\/1"}],"replies":[{"embeddable":true,"href":"https:\/\/besoindunchefdansvotrecuisine.fr\/index.php\/wp-json\/wp\/v2\/comments?post=35"}],"version-history":[{"count":42,"href":"https:\/\/besoindunchefdansvotrecuisine.fr\/index.php\/wp-json\/wp\/v2\/pages\/35\/revisions"}],"predecessor-version":[{"id":226,"href":"https:\/\/besoindunchefdansvotrecuisine.fr\/index.php\/wp-json\/wp\/v2\/pages\/35\/revisions\/226"}],"wp:attachment":[{"href":"https:\/\/besoindunchefdansvotrecuisine.fr\/index.php\/wp-json\/wp\/v2\/media?parent=35"}],"curies":[{"name":"wp","href":"https:\/\/api.w.org\/{rel}","templated":true}]}}